{"id":143,"date":"2020-02-24T13:08:57","date_gmt":"2020-02-24T13:08:57","guid":{"rendered":"https:\/\/demosites.io\/zelle-gb\/?page_id=143"},"modified":"2026-02-16T08:46:05","modified_gmt":"2026-02-16T05:46:05","slug":"0227d-home","status":"publish","type":"page","link":"https:\/\/mengenderfed.com\/","title":{"rendered":"MENGEN DERNEKLER FEDERASYONU"},"content":{"rendered":"\n<div id=\"wp-block-themeisle-blocks-advanced-columns-d26b6b4e\" class=\"wp-block-themeisle-blocks-advanced-columns alignfull has-1-columns has-desktop-equal-layout has-tablet-equal-layout has-mobile-equal-layout has-vertical-center\"><div class=\"wp-block-themeisle-blocks-advanced-columns-overlay\"><\/div><div class=\"innerblocks-wrap\">\n<div id=\"wp-block-themeisle-blocks-advanced-column-bc8f6b49\" class=\"wp-block-themeisle-blocks-advanced-column\">\n<h1 class=\"wp-block-heading has-text-align-center has-white-color has-text-color\">MENGEN DERNEKLER FEDERASYONU<\/h1>\n<\/div>\n<\/div><\/div>\n\n\n\n<div id=\"focus\" class=\"wp-block-themeisle-blocks-advanced-columns alignfull has-1-columns has-desktop-equal-layout has-tablet-equal-layout has-mobile-equal-layout has-vertical-unset\"><div class=\"wp-block-themeisle-blocks-advanced-columns-overlay\"><\/div><div class=\"innerblocks-wrap\">\n<div id=\"wp-block-themeisle-blocks-advanced-column-b3c846e4\" class=\"wp-block-themeisle-blocks-advanced-column\">\n<h2 class=\"wp-block-heading has-text-align-center\">DERNEKLER FEDERASYONU HAKKINDA<\/h2>\n\n\n\n<p class=\"has-text-align-center\">MENGEN DERNEKLER FEDERASYONU BA\u011eLANTILI H\u0130ZMETLER\u0130M\u0130Z<\/p>\n<\/div>\n<\/div><\/div>\n\n\n\n<div id=\"se\" class=\"wp-block-themeisle-blocks-advanced-columns alignfull has-3-columns has-desktop-equal-layout has-tablet-equal-layout has-mobile-collapsedRows-layout has-vertical-unset\"><div class=\"wp-block-themeisle-blocks-advanced-columns-overlay\"><\/div><div class=\"innerblocks-wrap\">\n<div id=\"wp-block-themeisle-blocks-advanced-column-71484aac\" class=\"wp-block-themeisle-blocks-advanced-column\">\n<div id=\"wp-block-themeisle-blocks-font-awesome-icons-29583e4b\" class=\"wp-block-themeisle-blocks-font-awesome-icons\"><span class=\"wp-block-themeisle-blocks-font-awesome-icons-container\"><a href=\"http:\/\/www.mengenderfed.com\/?p=242\" target=\"_self\" rel=\"noopener noreferrer\"><i class=\"fab fa-product-hunt\"><\/i><\/a><\/span><\/div>\n\n\n\n<div style=\"height:16px\" aria-hidden=\"true\" class=\"wp-block-spacer\"><\/div>\n\n\n\n<h5 id=\"wp-block-themeisle-blocks-advanced-heading-e50a9371\" class=\"wp-block-themeisle-blocks-advanced-heading wp-block-themeisle-blocks-advanced-heading-e50a9371\">PROJELER\u0130M\u0130Z<\/h5>\n\n\n\n<p class=\"has-text-align-center has-link-color-color has-text-color\" style=\"font-size:14px\">Dernekler Federasyonu Giri\u015fimli Projelerimizi Buradan Takip Edebilirsiniz<br><\/p>\n<\/div>\n\n\n\n<div id=\"wp-block-themeisle-blocks-advanced-column-34218fc3\" class=\"wp-block-themeisle-blocks-advanced-column\">\n<div id=\"wp-block-themeisle-blocks-font-awesome-icons-a149a9f7\" class=\"wp-block-themeisle-blocks-font-awesome-icons\"><span class=\"wp-block-themeisle-blocks-font-awesome-icons-container\"><a href=\"http:\/\/www.mengenderfed.com\/?p=265\" target=\"_self\" rel=\"noopener noreferrer\"><i class=\"fas fa-bullhorn\"><\/i><\/a><\/span><\/div>\n\n\n\n<div style=\"height:16px\" aria-hidden=\"true\" class=\"wp-block-spacer\"><\/div>\n\n\n\n<h5 id=\"wp-block-themeisle-blocks-advanced-heading-d48e83c4\" class=\"wp-block-themeisle-blocks-advanced-heading wp-block-themeisle-blocks-advanced-heading-d48e83c4\">DUYURULARIMIZ<\/h5>\n\n\n\n<p class=\"has-text-align-center has-link-color-color has-text-color\" style=\"font-size:14px\">Mengen Dernekler Federasyonu Ge\u00e7mi\u015f Duyuru Hizmetine Ula\u015fmak  \u0130\u00e7in T\u0131klay\u0131n\u0131z<\/p>\n<\/div>\n\n\n\n<div id=\"wp-block-themeisle-blocks-advanced-column-a0079089\" class=\"wp-block-themeisle-blocks-advanced-column\">\n<div id=\"wp-block-themeisle-blocks-font-awesome-icons-cdfe10a4\" class=\"wp-block-themeisle-blocks-font-awesome-icons\"><span class=\"wp-block-themeisle-blocks-font-awesome-icons-container\"><a href=\"http:\/\/www.mengenderfed.com\/?p=248\" target=\"_self\" rel=\"noopener noreferrer\"><i class=\"far fa-thumbs-up\"><\/i><\/a><\/span><\/div>\n\n\n\n<div style=\"height:16px\" aria-hidden=\"true\" class=\"wp-block-spacer\"><\/div>\n\n\n\n<h5 id=\"wp-block-themeisle-blocks-advanced-heading-7964a169\" class=\"wp-block-themeisle-blocks-advanced-heading wp-block-themeisle-blocks-advanced-heading-7964a169\">FAAL\u0130YETLER\u0130M\u0130Z<\/h5>\n\n\n\n<p class=\"has-text-align-center has-link-color-color has-text-color\" style=\"font-size:14px\">Dernekler Federasyonumuza Ait Faaliyetlerimizi Buradan Takip Edebilirsiniz<\/p>\n<\/div>\n<\/div><\/div>\n\n\n\n<div id=\"wp-block-themeisle-blocks-advanced-columns-7b603ad6\" class=\"wp-block-themeisle-blocks-advanced-columns alignfull has-3-columns has-desktop-equal-layout has-tablet-equal-layout has-mobile-collapsedRows-layout has-vertical-unset\"><div class=\"wp-block-themeisle-blocks-advanced-columns-overlay\"><\/div><div class=\"innerblocks-wrap\">\n<div id=\"wp-block-themeisle-blocks-advanced-column-886fd5ef\" class=\"wp-block-themeisle-blocks-advanced-column\">\n<div id=\"wp-block-themeisle-blocks-font-awesome-icons-a71dc632\" class=\"wp-block-themeisle-blocks-font-awesome-icons\"><span class=\"wp-block-themeisle-blocks-font-awesome-icons-container\"><a href=\"http:\/\/www.mengenderfed.com\/?p=254\" target=\"_self\" rel=\"noopener noreferrer\"><i class=\"far fa-list-alt\"><\/i><\/a><\/span><\/div>\n\n\n\n<div style=\"height:16px\" aria-hidden=\"true\" class=\"wp-block-spacer\"><\/div>\n\n\n\n<h5 id=\"wp-block-themeisle-blocks-advanced-heading-34b7cb25\" class=\"wp-block-themeisle-blocks-advanced-heading wp-block-themeisle-blocks-advanced-heading-34b7cb25\">\u00dcYE L\u0130STEM\u0130Z<\/h5>\n\n\n\n<p class=\"has-text-align-center has-link-color-color has-text-color\" style=\"font-size:14px\">Mengen Dernekler Federasyonu \u00dcye Listesine Hizmetine Ula\u015fmak \u0130\u00e7in T\u0131klay\u0131n\u0131z<\/p>\n<\/div>\n\n\n\n<div id=\"wp-block-themeisle-blocks-advanced-column-7cb792a1\" class=\"wp-block-themeisle-blocks-advanced-column\">\n<div id=\"wp-block-themeisle-blocks-font-awesome-icons-15222473\" class=\"wp-block-themeisle-blocks-font-awesome-icons\"><span class=\"wp-block-themeisle-blocks-font-awesome-icons-container\"><a href=\"http:\/\/www.mengenderfed.com\/?p=238\" target=\"_self\" rel=\"noopener noreferrer\"><i class=\"fas fa-phone-alt\"><\/i><\/a><\/span><\/div>\n\n\n\n<div style=\"height:16px\" aria-hidden=\"true\" class=\"wp-block-spacer\"><\/div>\n\n\n\n<h5 id=\"wp-block-themeisle-blocks-advanced-heading-66b718bb\" class=\"wp-block-themeisle-blocks-advanced-heading wp-block-themeisle-blocks-advanced-heading-66b718bb\">\u00dcYE TELEFON B\u0130LG\u0130S\u0130<\/h5>\n\n\n\n<p class=\"has-text-align-center has-link-color-color has-text-color\" style=\"font-size:14px\">Mengen Dernekler Federasyonu \u00dcye Telefon Bilgisi Hizmetine Ula\u015fmak \u0130\u00e7in T\u0131klay\u0131n\u0131z<br><\/p>\n<\/div>\n\n\n\n<div id=\"wp-block-themeisle-blocks-advanced-column-53351ab6\" class=\"wp-block-themeisle-blocks-advanced-column\">\n<div id=\"wp-block-themeisle-blocks-font-awesome-icons-67a8eeeb\" class=\"wp-block-themeisle-blocks-font-awesome-icons\"><span class=\"wp-block-themeisle-blocks-font-awesome-icons-container\"><a href=\"http:\/\/www.mengenderfed.com\/?p=260\" target=\"_self\" rel=\"noopener noreferrer\"><i class=\"fas fa-heart\"><\/i><\/a><\/span><\/div>\n\n\n\n<div style=\"height:16px\" aria-hidden=\"true\" class=\"wp-block-spacer\"><\/div>\n\n\n\n<h5 id=\"wp-block-themeisle-blocks-advanced-heading-66ccbdc2\" class=\"wp-block-themeisle-blocks-advanced-heading wp-block-themeisle-blocks-advanced-heading-66ccbdc2\">\u00dcYE KAN GRUPLARI<\/h5>\n\n\n\n<p class=\"has-text-align-center has-link-color-color has-text-color\" style=\"font-size:14px\">Acil Bir Durumda Mengen Dernekler Federasyonu \u00dcyelerimize Ait Kan Grubu Bilgileri \u0130\u00e7in T\u0131klay\u0131n\u0131z<\/p>\n<\/div>\n<\/div><\/div>\n\n\n\n<hr class=\"wp-block-separator has-alpha-channel-opacity\"\/>\n\n\n\n<h2 class=\"wp-block-heading has-text-align-center\">FEDERASYON G\u00dcNCEL DUYURULAR<\/h2>\n\n\n\n<p class=\"has-text-align-center\"><strong>Duyurular\u0131n tamam\u0131n\u0131 okumak ve detayl\u0131 bilgi edinmek i\u00e7in duyurular\u0131n \u00fczerine t\u0131klayabilir veya   <a href=\"http:\/\/www.mengenderfed.com\/?p=265\">DUYURULARIMIZ <\/a>  sayfas\u0131n\u0131 ziyaret edebilirsiniz&#8230;<\/strong><\/p>\n\n\n\n<div id=\"seqg\" class=\"wp-block-themeisle-blocks-advanced-columns alignfull has-4-columns has-desktop-equal-layout has-tablet-equal-layout has-mobile-collapsedRows-layout has-vertical-center\"><div class=\"wp-block-themeisle-blocks-advanced-columns-overlay\"><\/div><div class=\"innerblocks-wrap\">\n<div id=\"wp-block-themeisle-blocks-advanced-column-01a458e7\" class=\"wp-block-themeisle-blocks-advanced-column has-light-bg\">\n<p class=\"has-text-align-center has-nv-dark-bg-color has-text-color\" style=\"font-size:15px\"><strong>KADISUSUZ K\u00d6Y\u00dcNDE YANAN CAM\u0130N\u0130N YEN\u0130LENMES\u0130 \u0130\u00c7\u0130N YAPILAN YARDIM KAMPANYASI<\/strong><\/p>\n\n\n\n<p class=\"has-text-align-center\">Kad\u0131susuz K\u00f6y\u00fc Koruma ve Kalk\u0131nd\u0131rma Derne\u011fi<\/p>\n\n\n\n<p class=\"has-text-align-center\"><strong>TR64 0006 4000 0014 3002 2923 67<\/strong><\/p>\n<\/div>\n\n\n\n<div id=\"wp-block-themeisle-blocks-advanced-column-8cf09424\" class=\"wp-block-themeisle-blocks-advanced-column has-light-bg\">\n<p class=\"has-text-align-center\">MENGEN DERNEKLER FEDERASYONUNA \u00dcYE VE \u00dcYE OLACAK DERNEKLER\u0130N B\u0130LG\u0130S\u0130NE<\/p>\n\n\n\n<p class=\"has-text-align-center has-nv-dark-bg-color has-text-color\" style=\"font-size:15px\"><strong>2024 YILI \u00dcYE A\u0130DATINI YATIRAN DERNEKLER&nbsp; L\u0130STES\u0130 G\u00dcNCELLEND\u0130.<\/strong><\/p>\n<\/div>\n\n\n\n<div id=\"wp-block-themeisle-blocks-advanced-column-d0a9c182\" class=\"wp-block-themeisle-blocks-advanced-column has-light-bg\">\n<p class=\"has-text-align-center has-nv-dark-bg-color has-text-color\" style=\"font-size:15px\">GENEL KURUL YAPACAK DERNEKLER\u0130N B\u0130LG\u0130S\u0130NE<\/p>\n\n\n\n<p class=\"has-text-align-center\"><strong><strong>DERNEK GENEL KURUL G\u00dcNDEM MADDES\u0130NE KONULACAK MADDELER G\u00dcNCELLEND\u0130.<\/strong><\/strong><\/p>\n<\/div>\n\n\n\n<div id=\"wp-block-themeisle-blocks-advanced-column-7818a99a\" class=\"wp-block-themeisle-blocks-advanced-column has-light-bg\">\n<p class=\"has-text-align-center has-nv-dark-bg-color has-text-color\" style=\"font-size:15px\">BOLU MENGEN&#8217;DEN NE ALINIR ?<\/p>\n\n\n\n<p class=\"has-text-align-center\"><strong><strong>MENGEN\u2019E GELD\u0130\u011e\u0130N\u0130ZDE Y\u00d6REYE \u00d6ZG\u00dc OLAN VE KOYUN \u0130LE \u0130NEK S\u00dcT\u00dcN\u00dcN KARI\u015eTIRILMASI \u0130LE \u00d6ZEL OLARAK ELDE&#8230;<\/strong><\/strong><\/p>\n<\/div>\n<\/div><\/div>\n\n\n\n<div id=\"yonetimkurulu\" class=\"wp-block-themeisle-blocks-advanced-columns alignfull has-1-columns has-desktop-equal-layout has-tablet-equal-layout has-mobile-equal-layout has-vertical-unset\"><div class=\"wp-block-themeisle-blocks-advanced-columns-overlay\"><\/div><div class=\"innerblocks-wrap\">\n<div id=\"wp-block-themeisle-blocks-advanced-column-b84eb7cd\" class=\"wp-block-themeisle-blocks-advanced-column\">\n<h2 class=\"wp-block-heading has-text-align-center animated rotateInUpLeft slow  has-white-color has-text-color\">MENGEN DERNEKLER FEDERASYONU KURUCU DERNEK \u00dcYELER\u0130<\/h2>\n<\/div>\n<\/div><\/div>\n\n\n<div class=\"wp-block-image\">\n<figure class=\"aligncenter size-full is-resized\"><img loading=\"lazy\" decoding=\"async\" width=\"981\" height=\"335\" src=\"http:\/\/www.mengenderfed.com\/wp-content\/uploads\/2024\/11\/Yonetim-Kurulu-2.png\" alt=\"\" class=\"wp-image-185\" style=\"width:1133px;height:auto\" srcset=\"https:\/\/mengenderfed.com\/wp-content\/uploads\/2024\/11\/Yonetim-Kurulu-2.png 981w, https:\/\/mengenderfed.com\/wp-content\/uploads\/2024\/11\/Yonetim-Kurulu-2-300x102.png 300w, https:\/\/mengenderfed.com\/wp-content\/uploads\/2024\/11\/Yonetim-Kurulu-2-768x262.png 768w\" sizes=\"auto, (max-width: 981px) 100vw, 981px\" \/><\/figure>\n<\/div>\n\n\n<div class=\"wp-block-columns is-layout-flex wp-container-core-columns-is-layout-9d6595d7 wp-block-columns-is-layout-flex\">\n<div class=\"wp-block-column is-layout-flow wp-block-column-is-layout-flow\" style=\"flex-basis:100%\"><div class=\"wp-block-image\">\n<figure class=\"aligncenter size-full is-resized\"><img loading=\"lazy\" decoding=\"async\" width=\"966\" height=\"254\" src=\"https:\/\/mengenderfed.com\/wp-content\/uploads\/2025\/07\/2025.png\" alt=\"\" class=\"wp-image-355\" style=\"width:1166px;height:auto\" srcset=\"https:\/\/mengenderfed.com\/wp-content\/uploads\/2025\/07\/2025.png 966w, https:\/\/mengenderfed.com\/wp-content\/uploads\/2025\/07\/2025-300x79.png 300w, https:\/\/mengenderfed.com\/wp-content\/uploads\/2025\/07\/2025-768x202.png 768w\" sizes=\"auto, (max-width: 966px) 100vw, 966px\" \/><\/figure>\n<\/div><\/div>\n<\/div>\n\n\n<div class=\"wp-block-image\">\n<figure class=\"aligncenter is-resized\"><img loading=\"lazy\" decoding=\"async\" width=\"927\" height=\"267\" src=\"https:\/\/mengenderfed.com\/wp-content\/uploads\/2025\/07\/2022.png\" alt=\"\" class=\"wp-image-347\" style=\"width:1170px;height:auto\" srcset=\"https:\/\/mengenderfed.com\/wp-content\/uploads\/2025\/07\/2022.png 927w, https:\/\/mengenderfed.com\/wp-content\/uploads\/2025\/07\/2022-300x86.png 300w, https:\/\/mengenderfed.com\/wp-content\/uploads\/2025\/07\/2022-768x221.png 768w\" sizes=\"auto, (max-width: 927px) 100vw, 927px\" \/><figcaption class=\"wp-element-caption\">2022<\/figcaption><\/figure>\n<\/div>\n\n<div class=\"wp-block-image\">\n<figure class=\"aligncenter is-resized\"><img loading=\"lazy\" decoding=\"async\" width=\"936\" height=\"281\" src=\"https:\/\/mengenderfed.com\/wp-content\/uploads\/2025\/07\/2019.png\" alt=\"\" class=\"wp-image-348\" style=\"width:1169px;height:auto\" srcset=\"https:\/\/mengenderfed.com\/wp-content\/uploads\/2025\/07\/2019.png 936w, https:\/\/mengenderfed.com\/wp-content\/uploads\/2025\/07\/2019-300x90.png 300w, https:\/\/mengenderfed.com\/wp-content\/uploads\/2025\/07\/2019-768x231.png 768w\" sizes=\"auto, (max-width: 936px) 100vw, 936px\" \/><\/figure>\n<\/div>\n\n<div class=\"wp-block-image\">\n<figure class=\"aligncenter is-resized\"><img loading=\"lazy\" decoding=\"async\" width=\"1070\" height=\"330\" src=\"https:\/\/mengenderfed.com\/wp-content\/uploads\/2025\/07\/2016.png\" alt=\"\" class=\"wp-image-352\" style=\"width:1170px;height:auto\" srcset=\"https:\/\/mengenderfed.com\/wp-content\/uploads\/2025\/07\/2016.png 1070w, https:\/\/mengenderfed.com\/wp-content\/uploads\/2025\/07\/2016-300x93.png 300w, https:\/\/mengenderfed.com\/wp-content\/uploads\/2025\/07\/2016-1024x316.png 1024w, https:\/\/mengenderfed.com\/wp-content\/uploads\/2025\/07\/2016-768x237.png 768w\" sizes=\"auto, (max-width: 1070px) 100vw, 1070px\" \/><\/figure>\n<\/div>\n\n\n<hr class=\"wp-block-separator has-alpha-channel-opacity\"\/>\n\n\n\n<div id=\"contact\" class=\"wp-block-themeisle-blocks-advanced-columns alignfull has-1-columns has-desktop-equal-layout has-tablet-equal-layout has-mobile-equal-layout has-vertical-unset\"><div class=\"wp-block-themeisle-blocks-advanced-columns-overlay\"><\/div><div class=\"innerblocks-wrap\">\n<div id=\"wp-block-themeisle-blocks-advanced-column-c81f51d3\" class=\"wp-block-themeisle-blocks-advanced-column has-light-bg\">\n<h2 class=\"wp-block-heading has-text-align-center has-neve-text-color-color has-text-color\">DERNEK Y\u00d6NET\u0130ME B\u0130R KONU B\u0130LD\u0130R<\/h2>\n\n\n\n<p class=\"has-text-align-center has-white-color has-text-color\">We are here for you, 24\/7, to help you and reply within the hour.<\/p>\n\n\n\n<div id=\"wp-block-themeisle-blocks-form-aed2787f\" class=\"wp-block-themeisle-blocks-form\" data-option-name=\"bf9b28ff82ce323187abc5d0feb0d8f07ecd8436_aed2787f\"><form class=\"otter-form__container\">\n<div id=\"wp-block-themeisle-blocks-form-input-ae306451\" class=\"wp-block-themeisle-blocks-form-input\"><label for=\"wp-block-themeisle-blocks-form-input-ae306451-input\" class=\"otter-form-input-label\"><span class=\"otter-form-input-label__label\">Ad\u0131n\u0131z &#8211; Soyad\u0131n\u0131z<\/span><span class=\"required\">*<\/span><\/label><input type=\"text\" id=\"wp-block-themeisle-blocks-form-input-ae306451-input\" required class=\"otter-form-input\"\/><\/div>\n\n\n<div class=\"protection\" aria-hidden=\"true\"><input type=\"hidden\" id=\"wp-block-themeisle-blocks-form-aed2787f_nonce_field\" name=\"wp-block-themeisle-blocks-form-aed2787f_nonce_field\" value=\"16a6f57807\" \/><input type=\"hidden\" name=\"_wp_http_referer\" value=\"\/index.php?rest_route=%2Fwp%2Fv2%2Fpages%2F143\" \/><input class=\"o-anti-bot\" type=\"checkbox\"><\/div>\n\n\n<div id=\"wp-block-themeisle-blocks-form-input-7924d6d0\" class=\"wp-block-themeisle-blocks-form-input\"><label for=\"wp-block-themeisle-blocks-form-input-7924d6d0-input\" class=\"otter-form-input-label\"><span class=\"otter-form-input-label__label\">\u0130leti\u015fim Numaran\u0131z<\/span><\/label><input type=\"number\" id=\"wp-block-themeisle-blocks-form-input-7924d6d0-input\" class=\"otter-form-input\"\/><\/div>\n\n\n\n<div id=\"wp-block-themeisle-blocks-form-textarea-56ad0433\" class=\"wp-block-themeisle-blocks-form-textarea\"><label for=\"wp-block-themeisle-blocks-form-textarea-56ad0433-input\" class=\"otter-form-textarea-label\"><span class=\"otter-form-textarea-label__label\">Mesaj\u0131n\u0131z:<\/span><\/label><textarea id=\"wp-block-themeisle-blocks-form-textarea-56ad0433-input\" rows=\"10\" class=\"otter-form-textarea-input\"><\/textarea><\/div>\n\n\n\n<p class=\"has-extra-small-font-size\">Dernek hakk\u0131nnda herhangi bir konuda y\u00f6netim kurulu \u00fcyelerimize ve ba\u015fkan\u0131m\u0131za do\u011frudan mesaj g\u00f6nderebilirsiniz&#8230;<\/p>\n<div class=\"wp-block-button\"><button class=\"wp-block-button__link\" type=\"submit\">G\u00f6nder<\/button><\/div><\/form><\/div>\n<\/div>\n<\/div><\/div>\n\n\n\n<div id=\"wp-block-themeisle-blocks-advanced-columns-acdd57b3\" class=\"wp-block-themeisle-blocks-advanced-columns alignfull has-1-columns has-desktop-equal-layout has-tablet-equal-layout has-mobile-equal-layout has-vertical-unset\"><div class=\"wp-block-themeisle-blocks-advanced-columns-overlay\"><\/div><div class=\"innerblocks-wrap\">\n<div id=\"wp-block-themeisle-blocks-advanced-column-aa6f8a0a\" class=\"wp-block-themeisle-blocks-advanced-column\"><\/div>\n<\/div><\/div>\n\n\n\n<div id=\"iletisim\" class=\"wp-block-themeisle-blocks-advanced-columns alignfull has-4-columns has-desktop-equal-layout has-tablet-equal-layout has-mobile-collapsedRows-layout has-vertical-unset has-dark-bg\"><div class=\"wp-block-themeisle-blocks-advanced-columns-overlay\"><\/div><div class=\"innerblocks-wrap\">\n<div id=\"wp-block-themeisle-blocks-advanced-column-34178fa7\" class=\"wp-block-themeisle-blocks-advanced-column\">\n<div id=\"wp-block-themeisle-blocks-font-awesome-icons-b2e502b6\" class=\"wp-block-themeisle-blocks-font-awesome-icons\"><span class=\"wp-block-themeisle-blocks-font-awesome-icons-container\"><i class=\"far fa-map\"><\/i><\/span><\/div>\n\n\n\n<p class=\"has-text-align-center has-text-color\" style=\"color:#939393;font-size:14px\">DERNEK ADRES<\/p>\n\n\n\n<p class=\"has-text-align-center has-text-color\" style=\"color:#939393;font-size:14px\"><a href=\"https:\/\/maps.app.goo.gl\/ZRjxQ4Y7R1f3FZc1A\" data-type=\"link\" data-id=\"https:\/\/maps.app.goo.gl\/ZRjxQ4Y7R1f3FZc1A\">Yakac\u0131k Mah. Sedef\u00e7iler Sk. \u015eenlikk\u00f6y Bloklar\u0131 17\/3 Ke\u00e7i\u00f6ren &#8211; ANKARA<\/a><\/p>\n<\/div>\n\n\n\n<div id=\"wp-block-themeisle-blocks-advanced-column-f47e1f6c\" class=\"wp-block-themeisle-blocks-advanced-column\">\n<div id=\"wp-block-themeisle-blocks-font-awesome-icons-135a5b66\" class=\"wp-block-themeisle-blocks-font-awesome-icons\"><span class=\"wp-block-themeisle-blocks-font-awesome-icons-container\"><i class=\"fas fa-envelope\"><\/i><\/span><\/div>\n\n\n\n<p class=\"has-text-align-center has-text-color\" style=\"color:#939393;font-size:14px\">E-POSTA<\/p>\n\n\n\n<p class=\"has-text-align-center has-text-color\" style=\"color:#939393;font-size:14px\">bilgi@mengenderfed.com<\/p>\n<\/div>\n\n\n\n<div id=\"wp-block-themeisle-blocks-advanced-column-ff2e198d\" class=\"wp-block-themeisle-blocks-advanced-column\">\n<div id=\"wp-block-themeisle-blocks-font-awesome-icons-5d962d6e\" class=\"wp-block-themeisle-blocks-font-awesome-icons\"><span class=\"wp-block-themeisle-blocks-font-awesome-icons-container\"><i class=\"fas fa-phone-square\"><\/i><\/span><\/div>\n\n\n\n<p class=\"has-text-align-center has-text-color\" style=\"color:#939393;font-size:14px\">\u0130LET\u0130\u015e\u0130M NUMARAMIZ<\/p>\n\n\n\n<p class=\"has-text-align-center has-text-color\" style=\"color:#939393;font-size:14px\"><a href=\"tel:+905327397804\">+90 532 739 78 04<br><\/a><\/p>\n<\/div>\n\n\n\n<div id=\"wp-block-themeisle-blocks-advanced-column-c483a70c\" class=\"wp-block-themeisle-blocks-advanced-column has-dark-bg\">\n<p class=\"has-text-align-center\">\u00a9 2016-2026<\/p>\n\n\n\n<p class=\"has-text-align-center\">&nbsp;<a href=\"https:\/\/themeisle.com\/\">MENGENDERFED<\/a><\/p>\n<\/div>\n<\/div><\/div>\n\n\n\n<p><\/p>\n","protected":false},"excerpt":{"rendered":"<p>FEDERASYON G\u00dcNCEL DUYURULAR Duyurular\u0131n tamam\u0131n\u0131 okumak ve detayl\u0131 bilgi edinmek i\u00e7in duyurular\u0131n \u00fczerine t\u0131klayabilir veya DUYURULARIMIZ sayfas\u0131n\u0131 ziyaret edebilirsiniz&#8230;<\/p>\n","protected":false},"author":1,"featured_media":0,"parent":0,"menu_order":0,"comment_status":"closed","ping_status":"closed","template":"page-templates\/template-pagebuilder-full-width.php","meta":{"neve_meta_sidebar":"full-width","neve_meta_container":"contained","neve_meta_enable_content_width":"on","neve_meta_content_width":100,"neve_meta_title_alignment":"","neve_meta_author_avatar":"","neve_post_elements_order":"","neve_meta_disable_header":"","neve_meta_disable_footer":"","neve_meta_disable_title":"","_themeisle_gutenberg_block_has_review":false,"footnotes":""},"class_list":["post-143","page","type-page","status-publish","hentry"],"_links":{"self":[{"href":"https:\/\/mengenderfed.com\/index.php?rest_route=\/wp\/v2\/pages\/143","targetHints":{"allow":["GET"]}}],"collection":[{"href":"https:\/\/mengenderfed.com\/index.php?rest_route=\/wp\/v2\/pages"}],"about":[{"href":"https:\/\/mengenderfed.com\/index.php?rest_route=\/wp\/v2\/types\/page"}],"author":[{"embeddable":true,"href":"https:\/\/mengenderfed.com\/index.php?rest_route=\/wp\/v2\/users\/1"}],"replies":[{"embeddable":true,"href":"https:\/\/mengenderfed.com\/index.php?rest_route=%2Fwp%2Fv2%2Fcomments&post=143"}],"version-history":[{"count":36,"href":"https:\/\/mengenderfed.com\/index.php?rest_route=\/wp\/v2\/pages\/143\/revisions"}],"predecessor-version":[{"id":387,"href":"https:\/\/mengenderfed.com\/index.php?rest_route=\/wp\/v2\/pages\/143\/revisions\/387"}],"wp:attachment":[{"href":"https:\/\/mengenderfed.com\/index.php?rest_route=%2Fwp%2Fv2%2Fmedia&parent=143"}],"curies":[{"name":"wp","href":"https:\/\/api.w.org\/{rel}","templated":true}]}}